{"id":124,"date":"2012-05-09T16:18:04","date_gmt":"2012-05-09T14:18:04","guid":{"rendered":"http:\/\/139.30.100.243\/wordpress\/?page_id=124"},"modified":"2023-06-22T13:24:52","modified_gmt":"2023-06-22T11:24:52","slug":"kontakt","status":"publish","type":"page","link":"https:\/\/www.hro-sem.de\/?page_id=124","title":{"rendered":"Kontakt"},"content":{"rendered":"<p style=\"text-align: left;\">Wir sind ganz einfach per E-Mail zu erreichen:<\/p>\n<p style=\"text-align: center;\"><strong>hanseatic.efficiency(at)uni-rostock.de<\/strong><\/p>\n<p>Teamleitung:<\/p>\n<p>Linnas Gillmeister<\/p>\n<p>linnas.gillmeister(at)uni-rostock.de<\/p>\n<p>Wir treffen uns jede Woche dienstags von 17:00 Uhr &#8211; 18:00 Uhr zu unserer Besprechung, sind aber in der Woche auch sonst regelm\u00e4\u00dfig in der Werkstatt pr\u00e4sent. Interessierte sind herzlich eingeladen, vorbeizukommen und einen Eindruck der Teamarbeit zu bekommen. F\u00fcr Fragen und Anregungen stehen wir auch per E-Mail gerne zur Verf\u00fcgung.<\/p>\n<p><iframe scrolling=\"no\" marginheight=\"0\" marginwidth=\"0\" src=\"https:\/\/maps.google.com\/maps?q=Fakult%C3%A4t%20f%C3%BCr%20Maschinenbau%20und%20Schiffstechnik&amp;t=m&amp;z=17&amp;output=embed&amp;iwloc=near\" title=\"Fakult\u00e4t f\u00fcr Maschinenbau und Schiffstechnik\" aria-label=\"Fakult\u00e4t f\u00fcr Maschinenbau und Schiffstechnik\" frameborder=\"0\"><\/iframe><\/p>\n","protected":false},"excerpt":{"rendered":"<p>Wir sind ganz einfach per E-Mail zu erreichen: hanseatic.efficiency(at)uni-rostock.de Teamleitung: Linnas Gillmeister linnas.gillmeister(at)uni-rostock.de Wir treffen uns jede Woche dienstags von 17:00 Uhr &#8211; 18:00 Uhr zu unserer Besprechung, sind aber in der Woche auch sonst regelm\u00e4\u00dfig in der Werkstatt pr\u00e4sent. Interessierte sind herzlich eingeladen, vorbeizukommen und einen Eindruck der Teamarbeit zu bekommen. F\u00fcr Fragen und [&hellip;]<\/p>\n","protected":false},"author":7,"featured_media":0,"parent":0,"menu_order":5,"comment_status":"closed","ping_status":"closed","template":"fullwidth.php","meta":{"footnotes":""},"class_list":["post-124","page","type-page","status-publish","hentry"],"_links":{"self":[{"href":"https:\/\/www.hro-sem.de\/index.php?rest_route=\/wp\/v2\/pages\/124"}],"collection":[{"href":"https:\/\/www.hro-sem.de\/index.php?rest_route=\/wp\/v2\/pages"}],"about":[{"href":"https:\/\/www.hro-sem.de\/index.php?rest_route=\/wp\/v2\/types\/page"}],"author":[{"embeddable":true,"href":"https:\/\/www.hro-sem.de\/index.php?rest_route=\/wp\/v2\/users\/7"}],"replies":[{"embeddable":true,"href":"https:\/\/www.hro-sem.de\/index.php?rest_route=%2Fwp%2Fv2%2Fcomments&post=124"}],"version-history":[{"count":45,"href":"https:\/\/www.hro-sem.de\/index.php?rest_route=\/wp\/v2\/pages\/124\/revisions"}],"predecessor-version":[{"id":3033,"href":"https:\/\/www.hro-sem.de\/index.php?rest_route=\/wp\/v2\/pages\/124\/revisions\/3033"}],"wp:attachment":[{"href":"https:\/\/www.hro-sem.de\/index.php?rest_route=%2Fwp%2Fv2%2Fmedia&parent=124"}],"curies":[{"name":"wp","href":"https:\/\/api.w.org\/{rel}","templated":true}]}}