{"id":1537,"date":"2018-03-26T22:37:53","date_gmt":"2018-03-26T20:37:53","guid":{"rendered":"https:\/\/www.hro-sem.de\/?page_id=1537"},"modified":"2021-03-23T18:22:39","modified_gmt":"2021-03-23T17:22:39","slug":"social-media","status":"publish","type":"page","link":"https:\/\/www.hro-sem.de\/?page_id=1537","title":{"rendered":"Social Media"},"content":{"rendered":"<p><strong> Hier k\u00f6nnt ihr uns auch \u00fcber Facebook und Co. finden und unsere Fortschritte verfolgen:<\/strong><\/p>\n<p><a href=\"https:\/\/www.facebook.com\/hanseaticefficiency\/\" target=\"_blank\" rel=\"noopener\">Das Team auf Facebook<\/a><\/p>\n<p><a href=\"https:\/\/www.youtube.com\/channel\/UCcziXU-p8HimOTWxS7wxV4w?view_as=subscriber\" target=\"_blank\" rel=\"noopener\">Hier geht es zum Youtube Kanal<\/a><\/p>\n<p><a href=\"https:\/\/www.instagram.com\/hanseaticefficiency\/\" target=\"_blank\" rel=\"noopener\">Wir sind auch bei Instagram<\/a><\/p>\n<p><a href=\"http:\/\/linkedin.com\/in\/hanseatic-efficiency-11516320a\">Hier geht es zu unserem LinedIn Profil<\/a><\/p>\n<p><a href=\"https:\/\/www.twitch.tv\/hanseaticefficiency\" target=\"_blank\" rel=\"noopener\">W\u00e4hrend des Shell Eco-marathons k\u00f6nnt ihr uns \u00fcber Twitch live zuschauen.<\/a><\/p>\n<p>&nbsp;<\/p>\n<p><strong>Und nat\u00fcrlich auch regelm\u00e4\u00dfig in der Zeitung zu finden:<\/strong><\/p>\n<p>26.04.2018: <a href=\"http:\/\/www.ostsee-zeitung.de\/Mecklenburg\/Rostock\/Rostocker-tuefteln-am-Auto-der-Zukunft\">http:\/\/www.ostsee-zeitung.de\/Mecklenburg\/Rostock\/Rostocker-tuefteln-am-Auto-der-Zukunft<\/a><\/p>\n<p>18.05.2017: <a href=\"https:\/\/www.nnn.de\/lokales\/rostock\/wir-koennen-richtig\/rostocker-meister-im-spritsparen-id16846266.html\">https:\/\/www.nnn.de\/lokales\/rostock\/wir-koennen-richtig\/rostocker-meister-im-spritsparen-id16846266.html<\/a><\/p>\n<p>03.05.2017: <a href=\"https:\/\/www.bmbf.de\/de\/shell-eco-marathon---mit-effizienz-zum-sieg-4122.html\">https:\/\/www.bmbf.de\/de\/shell-eco-marathon&#8212;mit-effizienz-zum-sieg-4122.html<\/a><\/p>\n<p>03.08.2016: <a href=\"http:\/\/www.ostsee-zeitung.de\/Mecklenburg\/Rostock\/Rostocker-entwickeln-Zukunftsauto\">http:\/\/www.ostsee-zeitung.de\/Mecklenburg\/Rostock\/Rostocker-entwickeln-Zukunftsauto<\/a><\/p>\n<p>27.05.2016: <a href=\"https:\/\/www.nnn.de\/lokales\/rostock\/rostocker-greifen-nach-dem-rekord-id13806786.html\">https:\/\/www.nnn.de\/lokales\/rostock\/rostocker-greifen-nach-dem-rekord-id13806786.html<\/a><\/p>\n","protected":false},"excerpt":{"rendered":"<p>Hier k\u00f6nnt ihr uns auch \u00fcber Facebook und Co. finden und unsere Fortschritte verfolgen: Das Team auf Facebook Hier geht es zum Youtube Kanal Wir sind auch bei Instagram Hier geht es zu unserem LinedIn Profil W\u00e4hrend des Shell Eco-marathons k\u00f6nnt ihr uns \u00fcber Twitch live zuschauen. &nbsp; Und nat\u00fcrlich auch regelm\u00e4\u00dfig in der Zeitung [&hellip;]<\/p>\n","protected":false},"author":7,"featured_media":0,"parent":0,"menu_order":0,"comment_status":"closed","ping_status":"closed","template":"fullwidth.php","meta":{"footnotes":""},"class_list":["post-1537","page","type-page","status-publish","hentry"],"_links":{"self":[{"href":"https:\/\/www.hro-sem.de\/index.php?rest_route=\/wp\/v2\/pages\/1537"}],"collection":[{"href":"https:\/\/www.hro-sem.de\/index.php?rest_route=\/wp\/v2\/pages"}],"about":[{"href":"https:\/\/www.hro-sem.de\/index.php?rest_route=\/wp\/v2\/types\/page"}],"author":[{"embeddable":true,"href":"https:\/\/www.hro-sem.de\/index.php?rest_route=\/wp\/v2\/users\/7"}],"replies":[{"embeddable":true,"href":"https:\/\/www.hro-sem.de\/index.php?rest_route=%2Fwp%2Fv2%2Fcomments&post=1537"}],"version-history":[{"count":8,"href":"https:\/\/www.hro-sem.de\/index.php?rest_route=\/wp\/v2\/pages\/1537\/revisions"}],"predecessor-version":[{"id":2516,"href":"https:\/\/www.hro-sem.de\/index.php?rest_route=\/wp\/v2\/pages\/1537\/revisions\/2516"}],"wp:attachment":[{"href":"https:\/\/www.hro-sem.de\/index.php?rest_route=%2Fwp%2Fv2%2Fmedia&parent=1537"}],"curies":[{"name":"wp","href":"https:\/\/api.w.org\/{rel}","templated":true}]}}